{"id":15960,"date":"2025-12-05T17:33:14","date_gmt":"2025-12-05T17:33:14","guid":{"rendered":"https:\/\/azonkoy.com\/compromiso-contra-la-explotacion-sexual-de-ninas-ninos-y-adolescentes-esnna\/"},"modified":"2025-12-05T17:33:14","modified_gmt":"2025-12-05T17:33:14","slug":"compromiso-contra-la-explotacion-sexual-de-ninas-ninos-y-adolescentes-esnna","status":"publish","type":"page","link":"https:\/\/azonkoy.com\/es\/compromiso-contra-la-explotacion-sexual-de-ninas-ninos-y-adolescentes-esnna\/","title":{"rendered":"Compromiso contra la Explotaci\u00f3n Sexual de Ni\u00f1as, Ni\u00f1os y Adolescentes (ESNNA)"},"content":{"rendered":"\t\t<div data-elementor-type=\"wp-page\" data-elementor-id=\"15960\" class=\"elementor elementor-15960\" data-elementor-post-type=\"page\">\n\t\t\t\t<div class=\"elementor-element elementor-element-d1abfb5 e-flex e-con-boxed e-con e-parent\" data-id=\"d1abfb5\" data-element_type=\"container\" data-settings=\"{&quot;background_background&quot;:&quot;classic&quot;}\">\n\t\t\t\t\t<div class=\"e-con-inner\">\n\t\t\t\t\t<\/div>\n\t\t\t\t<\/div>\n\t\t<div class=\"elementor-element elementor-element-9530c19 e-flex e-con-boxed e-con e-parent\" data-id=\"9530c19\" data-element_type=\"container\">\n\t\t\t\t\t<div class=\"e-con-inner\">\n\t\t\t\t<div class=\"elementor-element elementor-element-92de616 elementor-widget elementor-widget-heading\" data-id=\"92de616\" data-element_type=\"widget\" data-widget_type=\"heading.default\">\n\t\t\t\t<div class=\"elementor-widget-container\">\n\t\t\t\t\t<h2 class=\"elementor-heading-title elementor-size-default\">Compromiso contra la Explotaci\u00f3n Sexual de Ni\u00f1as, Ni\u00f1os y Adolescentes (ESNNA)<\/h2>\t\t\t\t<\/div>\n\t\t\t\t<\/div>\n\t\t\t\t\t<\/div>\n\t\t\t\t<\/div>\n\t\t<div class=\"elementor-element elementor-element-33874f42 e-flex e-con-boxed e-con e-parent\" data-id=\"33874f42\" data-element_type=\"container\">\n\t\t\t\t\t<div class=\"e-con-inner\">\n\t\t\t\t<div class=\"elementor-element elementor-element-56b63163 elementor-widget elementor-widget-text-editor\" data-id=\"56b63163\" data-element_type=\"widget\" data-widget_type=\"text-editor.default\">\n\t\t\t\t<div class=\"elementor-widget-container\">\n\t\t\t\t\t\t\t\t\t\n<p>Azonkoy Travel EIRL., identificada con RUC N\u00b0 20613643835, reafirma su compromiso en la lucha contra la explotaci\u00f3n sexual de ni\u00f1os, ni\u00f1as y adolescentes, promovido por el Ministerio de Comercio Exterior y Turismo. Por ello, denunciamos y condenamos a quienes utilicen la actividad tur\u00edstica para facilitar o encubrir estos delitos.<\/p>\n\n<h4 class=\"wp-block-heading\">Nuestro Compromiso<\/h4>\n\n<p>Rechazamos de manera categ\u00f3rica toda forma de Explotaci\u00f3n Sexual de Ni\u00f1as, Ni\u00f1os y Adolescentes, por constituir una grave vulneraci\u00f3n a sus derechos fundamentales y ser completamente incompatible con los principios que rigen la actividad tur\u00edstica en nuestro pa\u00eds.<\/p>\n\n<p>Asimismo, denunciamos y condenamos a quienes utilicen la actividad tur\u00edstica, sus servicios o instalaciones como medio para promover, facilitar o tolerar cualquier acto de explotaci\u00f3n sexual infantil. En virtud de ello, reafirmamos nuestro compromiso con la protecci\u00f3n de la infancia y la promoci\u00f3n de un turismo responsable, seguro y \u00e9tico.<\/p>\n\n<h4 class=\"wp-block-heading\">\u00bfC\u00f3mo Denunciar?<\/h4>\n\n<p>Si tienes conocimiento de alguna situaci\u00f3n de explotaci\u00f3n sexual infantil, te instamos a denunciarlo a las autoridades competentes:<\/p>\n\n<ul class=\"wp-block-list\">\n<li>L\u00ednea 100: Ministerio de la Mujer y Poblaciones Vulnerables (Centro Emergencia Mujer).<\/li>\n\n<li>L\u00ednea 1818: Ministerio del Interior.<\/li>\n\n<li>Polic\u00eda Nacional: Acude a la comisar\u00eda m\u00e1s cercana.<\/li>\n<\/ul>\n\n<p>\u00a0<\/p>\n\t\t\t\t\t\t\t\t<\/div>\n\t\t\t\t<\/div>\n\t\t\t\t\t<\/div>\n\t\t\t\t<\/div>\n\t\t<div class=\"elementor-element elementor-element-06f4edb e-flex e-con-boxed e-con e-parent\" data-id=\"06f4edb\" data-element_type=\"container\">\n\t\t\t\t\t<div class=\"e-con-inner\">\n\t\t\t\t<div class=\"elementor-element elementor-element-053687c elementor-widget elementor-widget-image\" data-id=\"053687c\" data-element_type=\"widget\" data-widget_type=\"image.default\">\n\t\t\t\t<div class=\"elementor-widget-container\">\n\t\t\t\t\t\t\t\t\t\t\t\t\t\t\t<img loading=\"lazy\" decoding=\"async\" width=\"607\" height=\"860\" src=\"https:\/\/azonkoy.com\/wp-content\/uploads\/2025\/12\/Captura-de-pantalla-2025-12-09-054052.png\" class=\"attachment-full size-full wp-image-14530\" alt=\"\" srcset=\"https:\/\/azonkoy.com\/wp-content\/uploads\/2025\/12\/Captura-de-pantalla-2025-12-09-054052.png 607w, https:\/\/azonkoy.com\/wp-content\/uploads\/2025\/12\/Captura-de-pantalla-2025-12-09-054052-212x300.png 212w\" sizes=\"auto, (max-width: 607px) 100vw, 607px\" \/>\t\t\t\t\t\t\t\t\t\t\t\t\t\t\t<\/div>\n\t\t\t\t<\/div>\n\t\t\t\t\t<\/div>\n\t\t\t\t<\/div>\n\t\t\t\t<\/div>\n\t\t","protected":false},"excerpt":{"rendered":"<p>Compromiso contra la Explotaci\u00f3n Sexual de Ni\u00f1as, Ni\u00f1os y Adolescentes (ESNNA) Azonkoy Travel EIRL., identificada con RUC N\u00b0 20613643835, reafirma su compromiso en la lucha contra la explotaci\u00f3n sexual de ni\u00f1os, ni\u00f1as y adolescentes, promovido por el Ministerio de Comercio Exterior y Turismo. Por ello, denunciamos y condenamos a quienes utilicen la actividad tur\u00edstica para [&hellip;]<\/p>\n","protected":false},"author":2,"featured_media":0,"parent":0,"menu_order":0,"comment_status":"closed","ping_status":"closed","template":"","meta":{"pagelayer_contact_templates":[],"_pagelayer_content":"","inline_featured_image":false,"footnotes":""},"class_list":["post-15960","page","type-page","status-publish","hentry"],"_links":{"self":[{"href":"https:\/\/azonkoy.com\/es\/wp-json\/wp\/v2\/pages\/15960","targetHints":{"allow":["GET"]}}],"collection":[{"href":"https:\/\/azonkoy.com\/es\/wp-json\/wp\/v2\/pages"}],"about":[{"href":"https:\/\/azonkoy.com\/es\/wp-json\/wp\/v2\/types\/page"}],"author":[{"embeddable":true,"href":"https:\/\/azonkoy.com\/es\/wp-json\/wp\/v2\/users\/2"}],"replies":[{"embeddable":true,"href":"https:\/\/azonkoy.com\/es\/wp-json\/wp\/v2\/comments?post=15960"}],"version-history":[{"count":0,"href":"https:\/\/azonkoy.com\/es\/wp-json\/wp\/v2\/pages\/15960\/revisions"}],"wp:attachment":[{"href":"https:\/\/azonkoy.com\/es\/wp-json\/wp\/v2\/media?parent=15960"}],"curies":[{"name":"wp","href":"https:\/\/api.w.org\/{rel}","templated":true}]}}